{"id":25,"date":"2017-04-25T17:00:45","date_gmt":"2017-04-25T17:00:45","guid":{"rendered":"http:\/\/fondoeditorialuniversitario.es\/?page_id=25"},"modified":"2017-05-05T14:24:38","modified_gmt":"2017-05-05T14:24:38","slug":"home","status":"publish","type":"page","link":"https:\/\/fondoeditorialuniversitario.es\/","title":{"rendered":"Home"},"content":{"rendered":"\t\t<div data-elementor-type=\"wp-page\" data-elementor-id=\"25\" class=\"elementor elementor-25 elementor-bc-flex-widget\">\n\t\t\t\t\t\t<section class=\"elementor-section elementor-top-section elementor-element elementor-element-qrohvlv elementor-section-boxed elementor-section-height-default elementor-section-height-default\" data-id=\"qrohvlv\" data-element_type=\"section\">\n\t\t\t\t\t\t<div class=\"elementor-container elementor-column-gap-default\">\n\t\t\t\t\t<div class=\"elementor-column elementor-col-100 elementor-top-column elementor-element elementor-element-gpvtpsd\" data-id=\"gpvtpsd\" data-element_type=\"column\">\n\t\t\t<div class=\"elementor-widget-wrap elementor-element-populated\">\n\t\t\t\t\t\t<div class=\"elementor-element elementor-element-f3gruoe elementor-widget elementor-widget-image\" data-id=\"f3gruoe\" data-element_type=\"widget\" data-widget_type=\"image.default\">\n\t\t\t\t<div class=\"elementor-widget-container\">\n\t\t\t\t\t\t\t\t\t\t\t\t\t<img decoding=\"async\" src=\"https:\/\/fondoeditorialuniversitario.es\/wp-content\/uploads\/2017\/04\/FEU-Logo-Limpio-Negro-Cuadrado.png\" title=\"FEU-Logo-Limpio-(Negro)-Cuadrado\" alt=\"\" loading=\"lazy\" \/>\t\t\t\t\t\t\t\t\t\t\t\t\t<\/div>\n\t\t\t\t<\/div>\n\t\t\t\t<div class=\"elementor-element elementor-element-th1qp1g elementor-widget-divider--view-line elementor-widget elementor-widget-divider\" data-id=\"th1qp1g\" data-element_type=\"widget\" data-widget_type=\"divider.default\">\n\t\t\t\t<div class=\"elementor-widget-container\">\n\t\t\t\t\t<div class=\"elementor-divider\">\n\t\t\t<span class=\"elementor-divider-separator\">\n\t\t\t\t\t\t<\/span>\n\t\t<\/div>\n\t\t\t\t<\/div>\n\t\t\t\t<\/div>\n\t\t\t\t<div class=\"elementor-element elementor-element-xglajaz elementor-drop-cap-yes elementor-drop-cap-view-stacked elementor-widget elementor-widget-text-editor\" data-id=\"xglajaz\" data-element_type=\"widget\" data-settings=\"{&quot;drop_cap&quot;:&quot;yes&quot;}\" data-widget_type=\"text-editor.default\">\n\t\t\t\t<div class=\"elementor-widget-container\">\n\t\t\t\t\t\t\t<p>S<span style=\"color: #ffffff;\">omos<\/span> <span style=\"color: #ffffff;\">una empresa con base en Ibiza, Espa\u00f1a, especializada en servicios intregrales de edici\u00f3n para acad\u00e9micos, investigadores, escritores y entidades p\u00fablicas y privadas en general, que requieren ahorrar costos y adem\u00e1s, contar con el registro de sus publicaciones ante la Agencia Espa\u00f1ola del ISBN.<\/span><\/p><p><span style=\"color: #ffffff;\">Podemos realizar tirajes cortos (50 a 300 ejemplares, impresi\u00f3n laser) y tirajes largos (500 ejemplares en adelante, impresi\u00f3n offset).<\/span><\/p><p><span style=\"color: #ffffff;\">Contamos con una red asociada de impresores que, conforme a la ubicaci\u00f3n del cliente, elegimos la editora m\u00e1s cercana, disminuyendo el costo de env\u00edo y el impacto ambiental.\u00a0 En M\u00e9xico, trabajamos en alianza estrat\u00e9gica con<\/span> <span style=\"color: #ff8c00;\"><a style=\"color: #ff8c00;\" href=\"http:\/\/edicionesdelanoche.com\/nva\/\" target=\"_blank\" rel=\"noopener noreferrer\">Ediciones de la Noche.<\/a><\/span><\/p>\t\t\t\t\t\t<\/div>\n\t\t\t\t<\/div>\n\t\t\t\t\t<\/div>\n\t\t<\/div>\n\t\t\t\t\t<\/div>\n\t\t<\/section>\n\t\t\t\t<section class=\"elementor-section elementor-top-section elementor-element elementor-element-8y229re elementor-section-boxed elementor-section-height-default elementor-section-height-default\" data-id=\"8y229re\" data-element_type=\"section\">\n\t\t\t\t\t\t<div class=\"elementor-container elementor-column-gap-default\">\n\t\t\t\t\t<div class=\"elementor-column elementor-col-100 elementor-top-column elementor-element elementor-element-sx7gstf\" data-id=\"sx7gstf\" data-element_type=\"column\">\n\t\t\t<div class=\"elementor-widget-wrap elementor-element-populated\">\n\t\t\t\t\t\t<div class=\"elementor-element elementor-element-1emux53 elementor-widget elementor-widget-image\" data-id=\"1emux53\" data-element_type=\"widget\" data-widget_type=\"image.default\">\n\t\t\t\t<div class=\"elementor-widget-container\">\n\t\t\t\t\t\t\t\t\t\t\t\t\t\t<a href=\"http:\/\/edicionesdelanoche.com\/nva\/\">\n\t\t\t\t\t\t\t<img decoding=\"async\" src=\"https:\/\/fondoeditorialuniversitario.es\/wp-content\/uploads\/2017\/04\/Ediciones-de-la-Noche-Logo-V2.png\" title=\"Ediciones-de-la-Noche-Logo-V2\" alt=\"\" class=\"elementor-animation-grow\" loading=\"lazy\" \/>\t\t\t\t\t\t\t\t<\/a>\n\t\t\t\t\t\t\t\t\t\t\t\t\t<\/div>\n\t\t\t\t<\/div>\n\t\t\t\t\t<\/div>\n\t\t<\/div>\n\t\t\t\t\t<\/div>\n\t\t<\/section>\n\t\t\t\t<\/div>\n\t\t","protected":false},"excerpt":{"rendered":"<p>Somos una empresa con sede en Ibiza (Espa\u00f1a), especializada en servicios intregrales de edici\u00f3n para acad\u00e9micos, investigadores, escritores, as\u00ed como entidades p\u00fablicas y privadas que requieren optimizar los costos de sus proyectos editoriales y contar con el registro de sus publicaciones ante la Agencia Espa\u00f1ola del ISBN. Podemos realizar tirajes cortos (50 a 300 ejemplares, &hellip; <\/p>\n<p class=\"link-more\"><a href=\"https:\/\/fondoeditorialuniversitario.es\/\" class=\"more-link\">Continuar leyendo<span class=\"screen-reader-text\"> &#8220;Home&#8221;<\/span><\/a><\/p>\n","protected":false},"author":1,"featured_media":0,"parent":0,"menu_order":0,"comment_status":"closed","ping_status":"closed","template":"","meta":{"footnotes":""},"class_list":["post-25","page","type-page","status-publish","hentry"],"_links":{"self":[{"href":"https:\/\/fondoeditorialuniversitario.es\/index.php?rest_route=\/wp\/v2\/pages\/25","targetHints":{"allow":["GET"]}}],"collection":[{"href":"https:\/\/fondoeditorialuniversitario.es\/index.php?rest_route=\/wp\/v2\/pages"}],"about":[{"href":"https:\/\/fondoeditorialuniversitario.es\/index.php?rest_route=\/wp\/v2\/types\/page"}],"author":[{"embeddable":true,"href":"https:\/\/fondoeditorialuniversitario.es\/index.php?rest_route=\/wp\/v2\/users\/1"}],"replies":[{"embeddable":true,"href":"https:\/\/fondoeditorialuniversitario.es\/index.php?rest_route=%2Fwp%2Fv2%2Fcomments&post=25"}],"version-history":[{"count":21,"href":"https:\/\/fondoeditorialuniversitario.es\/index.php?rest_route=\/wp\/v2\/pages\/25\/revisions"}],"predecessor-version":[{"id":165,"href":"https:\/\/fondoeditorialuniversitario.es\/index.php?rest_route=\/wp\/v2\/pages\/25\/revisions\/165"}],"wp:attachment":[{"href":"https:\/\/fondoeditorialuniversitario.es\/index.php?rest_route=%2Fwp%2Fv2%2Fmedia&parent=25"}],"curies":[{"name":"wp","href":"https:\/\/api.w.org\/{rel}","templated":true}]}}