{"id":26,"date":"2017-04-25T17:00:45","date_gmt":"2017-04-25T17:00:45","guid":{"rendered":"http:\/\/fondoeditorialuniversitario.es\/?page_id=26"},"modified":"2017-05-05T14:31:44","modified_gmt":"2017-05-05T14:31:44","slug":"about","status":"publish","type":"page","link":"https:\/\/fondoeditorialuniversitario.es\/?page_id=26","title":{"rendered":"Nosotros"},"content":{"rendered":"\t\t<div data-elementor-type=\"wp-page\" data-elementor-id=\"26\" class=\"elementor elementor-26 elementor-bc-flex-widget\">\n\t\t\t\t\t\t<section class=\"elementor-section elementor-top-section elementor-element elementor-element-rptntga elementor-section-boxed elementor-section-height-default elementor-section-height-default\" data-id=\"rptntga\" data-element_type=\"section\">\n\t\t\t\t\t\t<div class=\"elementor-container elementor-column-gap-default\">\n\t\t\t\t\t<div class=\"elementor-column elementor-col-100 elementor-top-column elementor-element elementor-element-jxnkurv\" data-id=\"jxnkurv\" data-element_type=\"column\">\n\t\t\t<div class=\"elementor-widget-wrap elementor-element-populated\">\n\t\t\t\t\t\t<div class=\"elementor-element elementor-element-804vnd3 elementor-widget elementor-widget-heading\" data-id=\"804vnd3\" data-element_type=\"widget\" data-widget_type=\"heading.default\">\n\t\t\t\t<div class=\"elementor-widget-container\">\n\t\t\t<h2 class=\"elementor-heading-title elementor-size-large\">Nosotros<\/h2>\t\t<\/div>\n\t\t\t\t<\/div>\n\t\t\t\t<div class=\"elementor-element elementor-element-t3rhy64 elementor-widget-divider--view-line elementor-widget elementor-widget-divider\" data-id=\"t3rhy64\" data-element_type=\"widget\" data-widget_type=\"divider.default\">\n\t\t\t\t<div class=\"elementor-widget-container\">\n\t\t\t\t\t<div class=\"elementor-divider\">\n\t\t\t<span class=\"elementor-divider-separator\">\n\t\t\t\t\t\t<\/span>\n\t\t<\/div>\n\t\t\t\t<\/div>\n\t\t\t\t<\/div>\n\t\t\t\t\t<\/div>\n\t\t<\/div>\n\t\t\t\t\t<\/div>\n\t\t<\/section>\n\t\t\t\t<section class=\"elementor-section elementor-top-section elementor-element elementor-element-rl1rr64 elementor-section-boxed elementor-section-height-default elementor-section-height-default\" data-id=\"rl1rr64\" data-element_type=\"section\">\n\t\t\t\t\t\t<div class=\"elementor-container elementor-column-gap-default\">\n\t\t\t\t\t<div class=\"elementor-column elementor-col-100 elementor-top-column elementor-element elementor-element-n20e5ox\" data-id=\"n20e5ox\" data-element_type=\"column\">\n\t\t\t<div class=\"elementor-widget-wrap elementor-element-populated\">\n\t\t\t\t\t\t<div class=\"elementor-element elementor-element-xg8dpxd elementor-drop-cap-yes elementor-drop-cap-view-stacked elementor-widget elementor-widget-text-editor\" data-id=\"xg8dpxd\" data-element_type=\"widget\" data-settings=\"{&quot;drop_cap&quot;:&quot;yes&quot;}\" data-widget_type=\"text-editor.default\">\n\t\t\t\t<div class=\"elementor-widget-container\">\n\t\t\t\t\t\t\t<div class=\"wpb_text_column wpb_content_element \"><div class=\"wpb_wrapper\"><div class=\"wpb_text_column wpb_content_element \"><div class=\"wpb_wrapper\"><p style=\"text-align: left;\">S<span style=\"color: #ffffff;\">omos un grupo de expertos en edici\u00f3n, Ling\u00fc\u00edstica, Letras, Dise\u00f1o Editorial y Gr\u00e1fico, Comunicaci\u00f3n y \u00e1reas afines, dispuestos en todo momento a asesorar y trabajar en la mejor soluci\u00f3n creativa conforme a sus necesidades editoriales.<\/span><\/p><p style=\"text-align: left;\"><span style=\"color: #ffffff;\">Contamos con una amplia experiencia editorial, ya que hemos participado en la producci\u00f3n de centenares de t\u00edtulos de los m\u00e1s variados temas, con especial enfoque en el campo acad\u00e9micos, de la producci\u00f3n de conocimiento y literario.<\/span><\/p><\/div><\/div><\/div><\/div>\t\t\t\t\t\t<\/div>\n\t\t\t\t<\/div>\n\t\t\t\t\t<\/div>\n\t\t<\/div>\n\t\t\t\t\t<\/div>\n\t\t<\/section>\n\t\t\t\t<\/div>\n\t\t","protected":false},"excerpt":{"rendered":"<p>Nosotros Somos un grupo de expertos en edici\u00f3n, Ling\u00fc\u00edstica, Letras, Dise\u00f1o Editorial y Gr\u00e1fico, Comunicaci\u00f3n y \u00e1reas afines, dispuestos en todo momento a asesorar y trabajar en la mejor soluci\u00f3n creativa conforme a sus necesidades editoriales. Contamos con una amplia experiencia editorial, ya que hemos participado en la producci\u00f3n de centenares de t\u00edtulos de los &hellip; <\/p>\n<p class=\"link-more\"><a href=\"https:\/\/fondoeditorialuniversitario.es\/?page_id=26\" class=\"more-link\">Continuar leyendo<span class=\"screen-reader-text\"> &#8220;Nosotros&#8221;<\/span><\/a><\/p>\n","protected":false},"author":1,"featured_media":146,"parent":0,"menu_order":0,"comment_status":"closed","ping_status":"closed","template":"","meta":{"footnotes":""},"class_list":["post-26","page","type-page","status-publish","has-post-thumbnail","hentry"],"_links":{"self":[{"href":"https:\/\/fondoeditorialuniversitario.es\/index.php?rest_route=\/wp\/v2\/pages\/26","targetHints":{"allow":["GET"]}}],"collection":[{"href":"https:\/\/fondoeditorialuniversitario.es\/index.php?rest_route=\/wp\/v2\/pages"}],"about":[{"href":"https:\/\/fondoeditorialuniversitario.es\/index.php?rest_route=\/wp\/v2\/types\/page"}],"author":[{"embeddable":true,"href":"https:\/\/fondoeditorialuniversitario.es\/index.php?rest_route=\/wp\/v2\/users\/1"}],"replies":[{"embeddable":true,"href":"https:\/\/fondoeditorialuniversitario.es\/index.php?rest_route=%2Fwp%2Fv2%2Fcomments&post=26"}],"version-history":[{"count":14,"href":"https:\/\/fondoeditorialuniversitario.es\/index.php?rest_route=\/wp\/v2\/pages\/26\/revisions"}],"predecessor-version":[{"id":168,"href":"https:\/\/fondoeditorialuniversitario.es\/index.php?rest_route=\/wp\/v2\/pages\/26\/revisions\/168"}],"wp:featuredmedia":[{"embeddable":true,"href":"https:\/\/fondoeditorialuniversitario.es\/index.php?rest_route=\/wp\/v2\/media\/146"}],"wp:attachment":[{"href":"https:\/\/fondoeditorialuniversitario.es\/index.php?rest_route=%2Fwp%2Fv2%2Fmedia&parent=26"}],"curies":[{"name":"wp","href":"https:\/\/api.w.org\/{rel}","templated":true}]}}