{"id":29,"date":"2017-04-25T17:00:45","date_gmt":"2017-04-25T17:00:45","guid":{"rendered":"http:\/\/fondoeditorialuniversitario.es\/?page_id=29"},"modified":"2017-05-05T14:35:29","modified_gmt":"2017-05-05T14:35:29","slug":"a-homepage-section","status":"publish","type":"page","link":"https:\/\/fondoeditorialuniversitario.es\/?page_id=29","title":{"rendered":"Servicios"},"content":{"rendered":"\t\t<div data-elementor-type=\"wp-page\" data-elementor-id=\"29\" class=\"elementor elementor-29 elementor-bc-flex-widget\">\n\t\t\t\t\t\t<section class=\"elementor-section elementor-top-section elementor-element elementor-element-xyqwfpq elementor-section-boxed elementor-section-height-default elementor-section-height-default\" data-id=\"xyqwfpq\" data-element_type=\"section\">\n\t\t\t\t\t\t<div class=\"elementor-container elementor-column-gap-default\">\n\t\t\t\t\t<div class=\"elementor-column elementor-col-100 elementor-top-column elementor-element elementor-element-ujronov\" data-id=\"ujronov\" data-element_type=\"column\">\n\t\t\t<div class=\"elementor-widget-wrap elementor-element-populated\">\n\t\t\t\t\t\t<div class=\"elementor-element elementor-element-c73j7te elementor-widget elementor-widget-heading\" data-id=\"c73j7te\" data-element_type=\"widget\" data-widget_type=\"heading.default\">\n\t\t\t\t<div class=\"elementor-widget-container\">\n\t\t\t<h2 class=\"elementor-heading-title elementor-size-default\">Servicios<\/h2>\t\t<\/div>\n\t\t\t\t<\/div>\n\t\t\t\t<div class=\"elementor-element elementor-element-1rc4821 elementor-widget-divider--view-line elementor-widget elementor-widget-divider\" data-id=\"1rc4821\" data-element_type=\"widget\" data-widget_type=\"divider.default\">\n\t\t\t\t<div class=\"elementor-widget-container\">\n\t\t\t\t\t<div class=\"elementor-divider\">\n\t\t\t<span class=\"elementor-divider-separator\">\n\t\t\t\t\t\t<\/span>\n\t\t<\/div>\n\t\t\t\t<\/div>\n\t\t\t\t<\/div>\n\t\t\t\t<div class=\"elementor-element elementor-element-n42qs7y elementor-drop-cap-yes elementor-drop-cap-view-stacked elementor-widget elementor-widget-text-editor\" data-id=\"n42qs7y\" data-element_type=\"widget\" data-settings=\"{&quot;drop_cap&quot;:&quot;yes&quot;}\" data-widget_type=\"text-editor.default\">\n\t\t\t\t<div class=\"elementor-widget-container\">\n\t\t\t\t\t\t\t<div class=\"wpb_text_column wpb_content_element \"><div class=\"wpb_wrapper\"><div class=\"wpb_text_column wpb_content_element \"><div class=\"wpb_wrapper\"><p style=\"text-align: left;\">O<span style=\"color: #ffffff;\">frecemos servicios editoriales integrales, incluyendo el\u00a0 registro ante la Agencia del ISBN en Espa\u00f1a,\u00a0 y con una amplia gama de opciones en tiraje (n\u00famero de ejemplares), tipos de papel para interiores y acabados en portadas.<br \/><\/span><\/p><\/div><\/div><\/div><\/div>\t\t\t\t\t\t<\/div>\n\t\t\t\t<\/div>\n\t\t\t\t<div class=\"elementor-element elementor-element-ektygcy elementor-widget elementor-widget-text-editor\" data-id=\"ektygcy\" data-element_type=\"widget\" data-widget_type=\"text-editor.default\">\n\t\t\t\t<div class=\"elementor-widget-container\">\n\t\t\t\t\t\t\t<h3 class=\"qodef-numbered-process-subtitle-holder\"><span style=\"color: #ff8c00;\">Edici\u00f3n<\/span><\/h3><div class=\"qodef-numbered-process-subtitle-holder\"><span style=\"color: #ffffff;\">Correcci\u00f3n de estilo y ortograf\u00eda de todos los textos, as\u00ed como revisi\u00f3n de notas, citas, bibliograf\u00eda, pies de imagen e ilustraciones en general.<\/span><\/div><h3 class=\"qodef-numbered-process-subtitle-holder\"><span style=\"color: #ff8c00;\">Dise\u00f1o y composici\u00f3n<\/span><\/h3><div class=\"qodef-numbered-process-subtitle-holder\"><span style=\"color: #ffffff;\">Diagramaci\u00f3n de interiores, as\u00ed como dise\u00f1o de portada, contraportada y en su caso, de solapas.<\/span><\/div><h3 class=\"qodef-numbered-process-subtitle-holder\"><span style=\"color: #ff8c00;\">Armado<\/span><\/h3><div class=\"qodef-numbered-process-subtitle-holder\"><span style=\"color: #ffffff;\">Impresi\u00f3n del libro o revista, as\u00ed como encuadernado conforme a las caracter\u00edsticas de su publicaci\u00f3n y sus especificaciones.<\/span><\/div><h3 class=\"qodef-numbered-process-subtitle-holder\"><span style=\"color: #ff8c00;\">ISBN<\/span><\/h3><div class=\"qodef-numbered-process-subtitle-holder\"><span style=\"color: #ffffff;\">Gestionamos el registro de las publicaciones ante la Agencia del ISBN en Espa\u00f1a\u00a0 (ISBN por sus siglas en ingl\u00e9s: International Standard Book Number).<\/span><\/div><h3 class=\"qodef-numbered-process-subtitle-holder\"><span style=\"color: #ff8c00;\">Env\u00edo<\/span><\/h3><div class=\"qodef-numbered-process-subtitle-holder\"><span style=\"color: #ffffff;\">Realizamos el env\u00edo de sus publicaciones a un solo punto o a varios, tanto en el terriorio espa\u00f1ol, la UE o a cualquier otra parte del mundo.<\/span><\/div><div class=\"qodef-numbered-process-subtitle-holder\">\u00a0<\/div><h3 class=\"qodef-numbered-process-subtitle-holder\"><span style=\"color: #ff8c00;\">Traducci\u00f3n<\/span><\/h3><div class=\"qodef-numbered-process-subtitle-holder\"><span style=\"color: #ffffff;\">Podemos traducir su texto de y hacia ingl\u00e9s o franc\u00e9s (para otras lenguas, favor de consultar posibilidades).<\/span><\/div><div class=\"qodef-numbered-process-subtitle-holder\"><span style=\"color: #ffffff;\">\u00a0<\/span><\/div>\t\t\t\t\t\t<\/div>\n\t\t\t\t<\/div>\n\t\t\t\t\t<\/div>\n\t\t<\/div>\n\t\t\t\t\t<\/div>\n\t\t<\/section>\n\t\t\t\t<section class=\"elementor-section elementor-top-section elementor-element elementor-element-dhbk02i elementor-section-boxed elementor-section-height-default elementor-section-height-default\" data-id=\"dhbk02i\" data-element_type=\"section\">\n\t\t\t\t\t\t<div class=\"elementor-container elementor-column-gap-default\">\n\t\t\t\t\t<div class=\"elementor-column elementor-col-100 elementor-top-column elementor-element elementor-element-ese57j5\" data-id=\"ese57j5\" data-element_type=\"column\">\n\t\t\t<div class=\"elementor-widget-wrap\">\n\t\t\t\t\t\t\t<\/div>\n\t\t<\/div>\n\t\t\t\t\t<\/div>\n\t\t<\/section>\n\t\t\t\t<\/div>\n\t\t","protected":false},"excerpt":{"rendered":"<p>Servicios Ofrecemos servicios editoriales integrales, incluyendo el\u00a0 registro ante la Agencia del ISBN en Espa\u00f1a,\u00a0 y con una amplia gama de opciones en tiraje (n\u00famero de ejemplares), tipos de papel para interiores y acabados en portadas. Edici\u00f3n Correcci\u00f3n de estilo y ortograf\u00eda de todos los textos, as\u00ed como revisi\u00f3n de notas, citas, bibliograf\u00eda, pies de &hellip; <\/p>\n<p class=\"link-more\"><a href=\"https:\/\/fondoeditorialuniversitario.es\/?page_id=29\" class=\"more-link\">Continuar leyendo<span class=\"screen-reader-text\"> &#8220;Servicios&#8221;<\/span><\/a><\/p>\n","protected":false},"author":1,"featured_media":148,"parent":0,"menu_order":0,"comment_status":"closed","ping_status":"closed","template":"","meta":{"footnotes":""},"class_list":["post-29","page","type-page","status-publish","has-post-thumbnail","hentry"],"_links":{"self":[{"href":"https:\/\/fondoeditorialuniversitario.es\/index.php?rest_route=\/wp\/v2\/pages\/29","targetHints":{"allow":["GET"]}}],"collection":[{"href":"https:\/\/fondoeditorialuniversitario.es\/index.php?rest_route=\/wp\/v2\/pages"}],"about":[{"href":"https:\/\/fondoeditorialuniversitario.es\/index.php?rest_route=\/wp\/v2\/types\/page"}],"author":[{"embeddable":true,"href":"https:\/\/fondoeditorialuniversitario.es\/index.php?rest_route=\/wp\/v2\/users\/1"}],"replies":[{"embeddable":true,"href":"https:\/\/fondoeditorialuniversitario.es\/index.php?rest_route=%2Fwp%2Fv2%2Fcomments&post=29"}],"version-history":[{"count":14,"href":"https:\/\/fondoeditorialuniversitario.es\/index.php?rest_route=\/wp\/v2\/pages\/29\/revisions"}],"predecessor-version":[{"id":169,"href":"https:\/\/fondoeditorialuniversitario.es\/index.php?rest_route=\/wp\/v2\/pages\/29\/revisions\/169"}],"wp:featuredmedia":[{"embeddable":true,"href":"https:\/\/fondoeditorialuniversitario.es\/index.php?rest_route=\/wp\/v2\/media\/148"}],"wp:attachment":[{"href":"https:\/\/fondoeditorialuniversitario.es\/index.php?rest_route=%2Fwp%2Fv2%2Fmedia&parent=29"}],"curies":[{"name":"wp","href":"https:\/\/api.w.org\/{rel}","templated":true}]}}